{"id":3,"date":"2019-08-13T17:31:23","date_gmt":"2019-08-13T17:31:23","guid":{"rendered":"https:\/\/fournoratio.com\/?page_id=3"},"modified":"2022-11-20T22:03:33","modified_gmt":"2022-11-20T22:03:33","slug":"politique-de-confidentialite","status":"publish","type":"page","link":"https:\/\/fournoratio.com\/en\/politique-de-confidentialite\/","title":{"rendered":"Privacy policy"},"content":{"rendered":"<h2 class=\"wp-block-heading\">Who we are<\/h2>\n\n\n\n<p>Fournoratio is a blog featuring cooking recipes.<br>Our website address is: https:\/\/www.fournoratio.com.<\/p>\n\n\n\n<h2 class=\"wp-block-heading\">Use of personal data collected<\/h2>\n\n\n\n<h3 class=\"wp-block-heading\">Comments<\/h3>\n\n\n\n<p>When you leave a comment on our website, the data entered in the comment form, your IP address and your browser's user agent are collected to help us detect undesirable comments.<\/p>\n\n\n\n<p>An anonymized string created from your e-mail address (also known as a hash) can be sent to the Gravatar service to verify your use of the service. Gravatar's privacy policy is available here: https:\/\/automattic.com\/privacy\/. Once your comment has been validated, your profile photo will be publicly visible next to your comment.<\/p>\n\n\n\n<h3 class=\"wp-block-heading\">Cookies<\/h3>\n\n\n\n<p>If you leave a comment on our site, you will be asked to save your name and e-mail address in cookies. This is only for your convenience, so that you don't have to enter this information if you leave another comment later. These cookies expire after one year.<\/p>\n\n\n\n<h3 class=\"wp-block-heading\">Embedded content from other sites<\/h3>\n\n\n\n<p>Articles on this site may include embedded content (e.g. videos, images, articles, etc.). Embedded content from other sites behaves in the same way as if the visitor were visiting that other site.<\/p>\n\n\n\n<p>These websites may collect data about you, use cookies, embed third-party tracking tools, track your interactions with these embedded contents if you have a logged-in account on their website.<\/p>\n\n\n\n<h3 class=\"wp-block-heading\">Statistics and audience measurement<\/h3>\n\n\n\n<p><strong>Privacy policy regarding the use of&nbsp;<\/strong><strong>Google Analytics<\/strong><\/p>\n\n\n\n<p>The Fournoratio website uses various technological tools, such as Google Analytics, a website analysis tool provided by Google.<\/p>\n\n\n\n<p>Google Analytics uses cookies to collect information about your use of the site, such as the pages you visit, the date and time of your visit and the links you click. It also collects your computer's operating system type, browser language, the name of your Internet service provider and your geographical location. The data collected and your anonymized IP address (truncated address) are stored by Google on servers located, in particular, in the United States. Google uses this information solely to produce statistics and reports on site navigation.<\/p>\n\n\n\n<p>Google may also transfer this information to third parties where required to do so by law, or where such third parties process the information on Google's behalf. Google will not associate your IP address with any other data held by Google.<\/p>\n\n\n\n<p>You can install the&nbsp;<a href=\"https:\/\/tools.google.com\/dlpage\/gaoptout?hl=fr\" target=\"_blank\" rel=\"noreferrer noopener\">browser add-on to disable Google AnalyticsThis link will open in a new window.<\/a>. This module prevents Google Analytics from recording data about your visits.<\/p>\n\n\n\n<p><strong>Privacy policy regarding the use of Google Adsense<\/strong><\/p>\n\n\n\n<p>This website uses Google Adsense, a web analytics service provided by Google Inc (\"Google\").<\/p>\n\n\n\n<p>Google Adsense uses \"cookies\", which are text files placed on your computer, to help the website analyze how users use the site. The information generated by the cookie about your use of the website (including your IP address) will be transmitted to and stored by Google on servers in the United States.<\/p>\n\n\n\n<p>Google will use this information for the purpose of evaluating your use of the website, compiling reports on website activity for website operators and providing other services relating to website activity and internet usage. Google may also transfer this information to third parties where required to do so by law, or where such third parties process the information on Google's behalf, including in particular the publisher of this website. Google will not associate your IP address with any other data held by Google. You may refuse the use of cookies by selecting the appropriate settings on your browser, however please note that if you do this you may not be able to use the full functionality of this website.<\/p>\n\n\n\n<p>However, such deactivation may prevent the use of certain functions of this website. By using this website, you consent to the processing of data about you by Google in the manner and for the purposes set out above.<\/p>\n\n\n\n<p>* As a third-party service provider, Google uses cookies to serve ads on the site.<br>* Thanks to the DART cookie, Google adapts the ads displayed to users according to their navigation on the website or other sites.<br>* Users can disable the use of the DART cookie by visiting the Google Ads and Content Network Privacy Policy page.<\/p>\n\n\n\n<p>You can prevent the installation of cookies by configuring your browser to do so. However, please note that in this case you may not be able to use all the functions of this website to their full extent. By using this website, you consent to the processing of data about you by Google in the manner and for the purposes set out above.<\/p>\n\n\n\n<h2 class=\"wp-block-heading\">Data storage periods<\/h2>\n\n\n\n<p>If you leave a comment, the comment and its metadata are retained indefinitely. This makes it possible to automatically recognize and approve subsequent comments, rather than leaving them in the moderation queue.<\/p>\n\n\n\n<h2 class=\"wp-block-heading\">The rights you have over your data<\/h2>\n\n\n\n<p>If you have left comments on the site, you may request to receive a file containing all the personal data we hold about you, including that which you have provided to us. You can also request the deletion of your personal data. This does not include data stored for administrative, legal or security purposes.<\/p>\n\n\n\n<h2 class=\"wp-block-heading\">Transmission of your personal data<\/h2>\n\n\n\n<p>Visitor comments can be checked using an automated spam detection service.<\/p>\n\n\n\n<h2 class=\"wp-block-heading\">Contact information<\/h2>\n\n\n\n<p>Fournoratio<br>contact@fournoratio.com<\/p>","protected":false},"excerpt":{"rendered":"<p>About Fournoratio Fournoratio is a recipe blog, whose website address is https:\/\/www.fournoratio.com. Use of personal data collected Comments When you leave a comment on our website, the data entered in the comment form, as well as your IP address and your browser's user agent, are collected so that we can...<\/p>\n<p><a class=\"more-link\" href=\"https:\/\/fournoratio.com\/en\/politique-de-confidentialite\/\">Read More<\/a><\/p>","protected":false},"author":1,"featured_media":0,"parent":0,"menu_order":0,"comment_status":"closed","ping_status":"open","template":"","meta":{"_monsterinsights_skip_tracking":false,"_monsterinsights_sitenote_active":false,"_monsterinsights_sitenote_note":"","_monsterinsights_sitenote_category":0,"_genesis_hide_title":false,"_genesis_hide_breadcrumbs":false,"_genesis_hide_singular_image":false,"_genesis_hide_footer_widgets":false,"_genesis_custom_body_class":"","_genesis_custom_post_class":"","_genesis_layout":"","jetpack_post_was_ever_published":false,"footnotes":""},"class_list":{"0":"post-3","1":"page","2":"type-page","3":"status-publish","5":"entry"},"yoast_head":"<!-- This site is optimized with the Yoast SEO plugin v27.2 - https:\/\/yoast.com\/product\/yoast-seo-wordpress\/ -->\n<title>Politique de confidentialit\u00e9 - Fournoratio<\/title>\n<meta name=\"robots\" content=\"index, follow, max-snippet:-1, max-image-preview:large, max-video-preview:-1\" \/>\n<link rel=\"canonical\" href=\"https:\/\/fournoratio.com\/en\/politique-de-confidentialite\/\" \/>\n<meta property=\"og:locale\" content=\"en_US\" \/>\n<meta property=\"og:type\" content=\"article\" \/>\n<meta property=\"og:title\" content=\"Politique de confidentialit\u00e9 - Fournoratio\" \/>\n<meta property=\"og:description\" content=\"Qui sommes-nous&nbsp;? Fournoratio est un blog proposant des recettes de cuisine.L\u2019adresse de notre site Web est&nbsp;: https:\/\/www.fournoratio.com. Utilisation des donn\u00e9es personnelles collect\u00e9es Commentaires Quand vous laissez un commentaire sur notre site web, les donn\u00e9es inscrites dans le formulaire de commentaire, mais aussi votre adresse IP et l\u2019agent utilisateur de votre navigateur sont collect\u00e9s pour nous...Read More\" \/>\n<meta property=\"og:url\" content=\"https:\/\/fournoratio.com\/en\/politique-de-confidentialite\/\" \/>\n<meta property=\"og:site_name\" content=\"Fournoratio\" \/>\n<meta property=\"article:publisher\" content=\"https:\/\/www.facebook.com\/fournoratio\/\" \/>\n<meta property=\"article:modified_time\" content=\"2022-11-20T22:03:33+00:00\" \/>\n<meta property=\"og:image\" content=\"https:\/\/fournoratio.com\/wp-content\/uploads\/2022\/11\/2019-08-24-Gateau-au-chocolat-0001.jpg\" \/>\n\t<meta property=\"og:image:width\" content=\"1500\" \/>\n\t<meta property=\"og:image:height\" content=\"1000\" \/>\n\t<meta property=\"og:image:type\" content=\"image\/jpeg\" \/>\n<meta name=\"twitter:card\" content=\"summary_large_image\" \/>\n<meta name=\"twitter:site\" content=\"@fournoratio\" \/>\n<meta name=\"twitter:label1\" content=\"Est. reading time\" \/>\n\t<meta name=\"twitter:data1\" content=\"5 minutes\" \/>\n<script type=\"application\/ld+json\" class=\"yoast-schema-graph\">{\"@context\":\"https:\/\/schema.org\",\"@graph\":[{\"@type\":[\"Article\",\"BlogPosting\"],\"@id\":\"https:\/\/fournoratio.com\/politique-de-confidentialite\/#article\",\"isPartOf\":{\"@id\":\"https:\/\/fournoratio.com\/politique-de-confidentialite\/\"},\"author\":{\"name\":\"Thomas\",\"@id\":\"https:\/\/fournoratio.com\/#\/schema\/person\/81cbebf9715f8eb5a217ca796f0d1034\"},\"headline\":\"Politique de confidentialit\u00e9\",\"datePublished\":\"2019-08-13T17:31:23+00:00\",\"dateModified\":\"2022-11-20T22:03:33+00:00\",\"mainEntityOfPage\":{\"@id\":\"https:\/\/fournoratio.com\/politique-de-confidentialite\/\"},\"wordCount\":1075,\"publisher\":{\"@id\":\"https:\/\/fournoratio.com\/#organization\"},\"inLanguage\":\"en-CA\"},{\"@type\":\"WebPage\",\"@id\":\"https:\/\/fournoratio.com\/politique-de-confidentialite\/\",\"url\":\"https:\/\/fournoratio.com\/politique-de-confidentialite\/\",\"name\":\"Politique de confidentialit\u00e9 - Fournoratio\",\"isPartOf\":{\"@id\":\"https:\/\/fournoratio.com\/#website\"},\"datePublished\":\"2019-08-13T17:31:23+00:00\",\"dateModified\":\"2022-11-20T22:03:33+00:00\",\"breadcrumb\":{\"@id\":\"https:\/\/fournoratio.com\/politique-de-confidentialite\/#breadcrumb\"},\"inLanguage\":\"en-CA\",\"potentialAction\":[{\"@type\":\"ReadAction\",\"target\":[\"https:\/\/fournoratio.com\/politique-de-confidentialite\/\"]}]},{\"@type\":\"BreadcrumbList\",\"@id\":\"https:\/\/fournoratio.com\/politique-de-confidentialite\/#breadcrumb\",\"itemListElement\":[{\"@type\":\"ListItem\",\"position\":1,\"name\":\"Accueil\",\"item\":\"https:\/\/fournoratio.com\/\"},{\"@type\":\"ListItem\",\"position\":2,\"name\":\"Politique de confidentialit\u00e9\"}]},{\"@type\":\"WebSite\",\"@id\":\"https:\/\/fournoratio.com\/#website\",\"url\":\"https:\/\/fournoratio.com\/\",\"name\":\"Fournoratio\",\"description\":\"RECETTES SIMPLES ET V\u00c9G\u00c9TARIENNES POUR LA VIE DE TOUS LES JOURS\",\"publisher\":{\"@id\":\"https:\/\/fournoratio.com\/#organization\"},\"potentialAction\":[{\"@type\":\"SearchAction\",\"target\":{\"@type\":\"EntryPoint\",\"urlTemplate\":\"https:\/\/fournoratio.com\/?s={search_term_string}\"},\"query-input\":{\"@type\":\"PropertyValueSpecification\",\"valueRequired\":true,\"valueName\":\"search_term_string\"}}],\"inLanguage\":\"en-CA\"},{\"@type\":\"Organization\",\"@id\":\"https:\/\/fournoratio.com\/#organization\",\"name\":\"Fournoratio\",\"url\":\"https:\/\/fournoratio.com\/\",\"logo\":{\"@type\":\"ImageObject\",\"inLanguage\":\"en-CA\",\"@id\":\"https:\/\/fournoratio.com\/#\/schema\/logo\/image\/\",\"url\":\"https:\/\/fournoratio.com\/wp-content\/uploads\/2022\/11\/2019-08-24-Gateau-au-chocolat-0001.jpg\",\"contentUrl\":\"https:\/\/fournoratio.com\/wp-content\/uploads\/2022\/11\/2019-08-24-Gateau-au-chocolat-0001.jpg\",\"width\":1500,\"height\":1000,\"caption\":\"Fournoratio\"},\"image\":{\"@id\":\"https:\/\/fournoratio.com\/#\/schema\/logo\/image\/\"},\"sameAs\":[\"https:\/\/www.facebook.com\/fournoratio\/\",\"https:\/\/x.com\/fournoratio\",\"https:\/\/www.instagram.com\/fournoratio\/\",\"https:\/\/www.pinterest.fr\/fournoratio\/\"]},{\"@type\":\"Person\",\"@id\":\"https:\/\/fournoratio.com\/#\/schema\/person\/81cbebf9715f8eb5a217ca796f0d1034\",\"name\":\"Thomas\",\"image\":{\"@type\":\"ImageObject\",\"inLanguage\":\"en-CA\",\"@id\":\"https:\/\/secure.gravatar.com\/avatar\/cd6edc5b7b1cb480c6472335057443076e52b4b7cc2ae0cd9b584fe8e51ff53a?s=96&d=mm&r=g\",\"url\":\"https:\/\/secure.gravatar.com\/avatar\/cd6edc5b7b1cb480c6472335057443076e52b4b7cc2ae0cd9b584fe8e51ff53a?s=96&d=mm&r=g\",\"contentUrl\":\"https:\/\/secure.gravatar.com\/avatar\/cd6edc5b7b1cb480c6472335057443076e52b4b7cc2ae0cd9b584fe8e51ff53a?s=96&d=mm&r=g\",\"caption\":\"Thomas\"},\"url\":\"https:\/\/fournoratio.com\/en\/author\/thomas\/\"}]}<\/script>\n<!-- \/ Yoast SEO plugin. -->","yoast_head_json":{"title":"Politique de confidentialit\u00e9 - Fournoratio","robots":{"index":"index","follow":"follow","max-snippet":"max-snippet:-1","max-image-preview":"max-image-preview:large","max-video-preview":"max-video-preview:-1"},"canonical":"https:\/\/fournoratio.com\/en\/politique-de-confidentialite\/","og_locale":"en_US","og_type":"article","og_title":"Politique de confidentialit\u00e9 - Fournoratio","og_description":"Qui sommes-nous&nbsp;? Fournoratio est un blog proposant des recettes de cuisine.L\u2019adresse de notre site Web est&nbsp;: https:\/\/www.fournoratio.com. Utilisation des donn\u00e9es personnelles collect\u00e9es Commentaires Quand vous laissez un commentaire sur notre site web, les donn\u00e9es inscrites dans le formulaire de commentaire, mais aussi votre adresse IP et l\u2019agent utilisateur de votre navigateur sont collect\u00e9s pour nous...Read More","og_url":"https:\/\/fournoratio.com\/en\/politique-de-confidentialite\/","og_site_name":"Fournoratio","article_publisher":"https:\/\/www.facebook.com\/fournoratio\/","article_modified_time":"2022-11-20T22:03:33+00:00","og_image":[{"width":1500,"height":1000,"url":"https:\/\/fournoratio.com\/wp-content\/uploads\/2022\/11\/2019-08-24-Gateau-au-chocolat-0001.jpg","type":"image\/jpeg"}],"twitter_card":"summary_large_image","twitter_site":"@fournoratio","twitter_misc":{"Est. reading time":"5 minutes"},"schema":{"@context":"https:\/\/schema.org","@graph":[{"@type":["Article","BlogPosting"],"@id":"https:\/\/fournoratio.com\/politique-de-confidentialite\/#article","isPartOf":{"@id":"https:\/\/fournoratio.com\/politique-de-confidentialite\/"},"author":{"name":"Thomas","@id":"https:\/\/fournoratio.com\/#\/schema\/person\/81cbebf9715f8eb5a217ca796f0d1034"},"headline":"Politique de confidentialit\u00e9","datePublished":"2019-08-13T17:31:23+00:00","dateModified":"2022-11-20T22:03:33+00:00","mainEntityOfPage":{"@id":"https:\/\/fournoratio.com\/politique-de-confidentialite\/"},"wordCount":1075,"publisher":{"@id":"https:\/\/fournoratio.com\/#organization"},"inLanguage":"en-CA"},{"@type":"WebPage","@id":"https:\/\/fournoratio.com\/politique-de-confidentialite\/","url":"https:\/\/fournoratio.com\/politique-de-confidentialite\/","name":"Politique de confidentialit\u00e9 - Fournoratio","isPartOf":{"@id":"https:\/\/fournoratio.com\/#website"},"datePublished":"2019-08-13T17:31:23+00:00","dateModified":"2022-11-20T22:03:33+00:00","breadcrumb":{"@id":"https:\/\/fournoratio.com\/politique-de-confidentialite\/#breadcrumb"},"inLanguage":"en-CA","potentialAction":[{"@type":"ReadAction","target":["https:\/\/fournoratio.com\/politique-de-confidentialite\/"]}]},{"@type":"BreadcrumbList","@id":"https:\/\/fournoratio.com\/politique-de-confidentialite\/#breadcrumb","itemListElement":[{"@type":"ListItem","position":1,"name":"Accueil","item":"https:\/\/fournoratio.com\/"},{"@type":"ListItem","position":2,"name":"Politique de confidentialit\u00e9"}]},{"@type":"WebSite","@id":"https:\/\/fournoratio.com\/#website","url":"https:\/\/fournoratio.com\/","name":"Fournoratio","description":"RECETTES SIMPLES ET V\u00c9G\u00c9TARIENNES POUR LA VIE DE TOUS LES JOURS","publisher":{"@id":"https:\/\/fournoratio.com\/#organization"},"potentialAction":[{"@type":"SearchAction","target":{"@type":"EntryPoint","urlTemplate":"https:\/\/fournoratio.com\/?s={search_term_string}"},"query-input":{"@type":"PropertyValueSpecification","valueRequired":true,"valueName":"search_term_string"}}],"inLanguage":"en-CA"},{"@type":"Organization","@id":"https:\/\/fournoratio.com\/#organization","name":"Fournoratio","url":"https:\/\/fournoratio.com\/","logo":{"@type":"ImageObject","inLanguage":"en-CA","@id":"https:\/\/fournoratio.com\/#\/schema\/logo\/image\/","url":"https:\/\/fournoratio.com\/wp-content\/uploads\/2022\/11\/2019-08-24-Gateau-au-chocolat-0001.jpg","contentUrl":"https:\/\/fournoratio.com\/wp-content\/uploads\/2022\/11\/2019-08-24-Gateau-au-chocolat-0001.jpg","width":1500,"height":1000,"caption":"Fournoratio"},"image":{"@id":"https:\/\/fournoratio.com\/#\/schema\/logo\/image\/"},"sameAs":["https:\/\/www.facebook.com\/fournoratio\/","https:\/\/x.com\/fournoratio","https:\/\/www.instagram.com\/fournoratio\/","https:\/\/www.pinterest.fr\/fournoratio\/"]},{"@type":"Person","@id":"https:\/\/fournoratio.com\/#\/schema\/person\/81cbebf9715f8eb5a217ca796f0d1034","name":"Thomas","image":{"@type":"ImageObject","inLanguage":"en-CA","@id":"https:\/\/secure.gravatar.com\/avatar\/cd6edc5b7b1cb480c6472335057443076e52b4b7cc2ae0cd9b584fe8e51ff53a?s=96&d=mm&r=g","url":"https:\/\/secure.gravatar.com\/avatar\/cd6edc5b7b1cb480c6472335057443076e52b4b7cc2ae0cd9b584fe8e51ff53a?s=96&d=mm&r=g","contentUrl":"https:\/\/secure.gravatar.com\/avatar\/cd6edc5b7b1cb480c6472335057443076e52b4b7cc2ae0cd9b584fe8e51ff53a?s=96&d=mm&r=g","caption":"Thomas"},"url":"https:\/\/fournoratio.com\/en\/author\/thomas\/"}]}},"jetpack-related-posts":[{"id":1321,"url":"https:\/\/fournoratio.com\/en\/a-propos\/","url_meta":{"origin":3,"position":0},"title":"About us","author":"Thomas","date":"","format":false,"excerpt":"J'aime cuisiner. J'aime les croissants. J'aime partager ma cuisine. Parfois c'est compliqu\u00e9 de se souvenir et garder la traces des recettes que l'on fait, ce blog est mon carnet de note de recette que je partage avec vous. J'aime aussi la photo c'est pour cela que j'essaye de faire les\u2026","rel":"","context":"Similar post","block_context":{"text":"Similar post","link":""},"img":{"alt_text":"","src":"https:\/\/i0.wp.com\/fournoratio.com\/wp-content\/uploads\/2022\/09\/aboutme-HD.png?resize=350%2C200&ssl=1","width":350,"height":200,"srcset":"https:\/\/i0.wp.com\/fournoratio.com\/wp-content\/uploads\/2022\/09\/aboutme-HD.png?resize=350%2C200&ssl=1 1x, https:\/\/i0.wp.com\/fournoratio.com\/wp-content\/uploads\/2022\/09\/aboutme-HD.png?resize=525%2C300&ssl=1 1.5x, https:\/\/i0.wp.com\/fournoratio.com\/wp-content\/uploads\/2022\/09\/aboutme-HD.png?resize=700%2C400&ssl=1 2x, https:\/\/i0.wp.com\/fournoratio.com\/wp-content\/uploads\/2022\/09\/aboutme-HD.png?resize=1050%2C600&ssl=1 3x, https:\/\/i0.wp.com\/fournoratio.com\/wp-content\/uploads\/2022\/09\/aboutme-HD.png?resize=1400%2C800&ssl=1 4x"},"classes":[]},{"id":1532,"url":"https:\/\/fournoratio.com\/en\/","url_meta":{"origin":3,"position":1},"title":"Simple vegetarian recipes for everyday life","author":"Thomas","date":"","format":false,"excerpt":"Bienvenue sur mon livre de recette personnel. C'est ici que je partage des recettes simples et v\u00e9g\u00e9tariennes pour la vie de tous les jours. Sans cela j'oublie la plupart du temps o\u00f9 se trouvait telle bonne recette. Ou bien comment j'avais fait pour faire de cette recette basique un plat\u2026","rel":"","context":"Similar post","block_context":{"text":"Similar post","link":""},"img":{"alt_text":"","src":"https:\/\/i0.wp.com\/fournoratio.com\/wp-content\/uploads\/2022\/09\/aboutme-HD.png?resize=350%2C200&ssl=1","width":350,"height":200,"srcset":"https:\/\/i0.wp.com\/fournoratio.com\/wp-content\/uploads\/2022\/09\/aboutme-HD.png?resize=350%2C200&ssl=1 1x, https:\/\/i0.wp.com\/fournoratio.com\/wp-content\/uploads\/2022\/09\/aboutme-HD.png?resize=525%2C300&ssl=1 1.5x, https:\/\/i0.wp.com\/fournoratio.com\/wp-content\/uploads\/2022\/09\/aboutme-HD.png?resize=700%2C400&ssl=1 2x, https:\/\/i0.wp.com\/fournoratio.com\/wp-content\/uploads\/2022\/09\/aboutme-HD.png?resize=1050%2C600&ssl=1 3x, https:\/\/i0.wp.com\/fournoratio.com\/wp-content\/uploads\/2022\/09\/aboutme-HD.png?resize=1400%2C800&ssl=1 4x"},"classes":[]},{"id":1191,"url":"https:\/\/fournoratio.com\/en\/recettes\/","url_meta":{"origin":3,"position":2},"title":"Recipes","author":"Thomas","date":"","format":false,"excerpt":"J'essaye d'organiser les recettes au mieux \u00e0 travers divers cat\u00e9gories. Vous pouvez chercher les recettes par mots cl\u00e9s en utilisant la bar de recherche ci-dessous. Ou bien chercher une recette par cat\u00e9gorie. Je suis certains que vous trouverez votre bonheur ! OU Les derni\u00e8res recettes Recettes par cat\u00e9gorie: Toutes les\u2026","rel":"","context":"Similar post","block_context":{"text":"Similar post","link":""},"img":{"alt_text":"","src":"","width":0,"height":0},"classes":[]},{"id":2,"url":"https:\/\/fournoratio.com\/en\/sample-page\/","url_meta":{"origin":3,"position":3},"title":"Sample Page","author":"Thomas","date":"","format":false,"excerpt":"This is an example page. It's different from a blog post because it will stay in one place and will show up in your site navigation (in most themes). Most people start with an About page that introduces them to potential site visitors. It might say something like this: Hi\u2026","rel":"","context":"Similar post","block_context":{"text":"Similar post","link":""},"img":{"alt_text":"","src":"","width":0,"height":0},"classes":[]},{"id":1615,"url":"https:\/\/fournoratio.com\/en\/contact\/","url_meta":{"origin":3,"position":4},"title":"Contact","author":"Thomas","date":"","format":false,"excerpt":"The best way to contact me is via social networks: Or by e-mail at: contact@fournoratio.com See you soon!","rel":"","context":"Similar post","block_context":{"text":"Similar post","link":""},"img":{"alt_text":"","src":"","width":0,"height":0},"classes":[]}],"jetpack_sharing_enabled":true,"jetpack_likes_enabled":true,"_links":{"self":[{"href":"https:\/\/fournoratio.com\/en\/wp-json\/wp\/v2\/pages\/3","targetHints":{"allow":["GET"]}}],"collection":[{"href":"https:\/\/fournoratio.com\/en\/wp-json\/wp\/v2\/pages"}],"about":[{"href":"https:\/\/fournoratio.com\/en\/wp-json\/wp\/v2\/types\/page"}],"author":[{"embeddable":true,"href":"https:\/\/fournoratio.com\/en\/wp-json\/wp\/v2\/users\/1"}],"replies":[{"embeddable":true,"href":"https:\/\/fournoratio.com\/en\/wp-json\/wp\/v2\/comments?post=3"}],"version-history":[{"count":0,"href":"https:\/\/fournoratio.com\/en\/wp-json\/wp\/v2\/pages\/3\/revisions"}],"wp:attachment":[{"href":"https:\/\/fournoratio.com\/en\/wp-json\/wp\/v2\/media?parent=3"}],"curies":[{"name":"wp","href":"https:\/\/api.w.org\/{rel}","templated":true}]}}