{"id":1615,"date":"2022-11-14T21:52:19","date_gmt":"2022-11-14T21:52:19","guid":{"rendered":"https:\/\/fournoratio.com\/?page_id=1615"},"modified":"2022-11-14T21:52:05","modified_gmt":"2022-11-14T21:52:05","slug":"contact","status":"publish","type":"page","link":"https:\/\/fournoratio.com\/en\/contact\/","title":{"rendered":"Contact"},"content":{"rendered":"<p>The best way to contact me is via social networks:<\/p>\n\n\n\n<ul class=\"wp-block-social-links is-layout-flex wp-block-social-links-is-layout-flex\"><li class=\"wp-social-link wp-social-link-facebook  wp-block-social-link\"><a href=\"https:\/\/www.facebook.com\/fournoratio\/\" class=\"wp-block-social-link-anchor\"><svg width=\"24\" height=\"24\" viewbox=\"0 0 24 24\" version=\"1.1\" xmlns=\"http:\/\/www.w3.org\/2000\/svg\" aria-hidden=\"true\" focusable=\"false\"><path d=\"M12 2C6.5 2 2 6.5 2 12c0 5 3.7 9.1 8.4 9.9v-7H7.9V12h2.5V9.8c0-2.5 1.5-3.9 3.8-3.9 1.1 0 2.2.2 2.2.2v2.5h-1.3c-1.2 0-1.6.8-1.6 1.6V12h2.8l-.4 2.9h-2.3v7C18.3 21.1 22 17 22 12c0-5.5-4.5-10-10-10z\"><\/path><\/svg><span class=\"wp-block-social-link-label screen-reader-text\">Facebook<\/span><\/a><\/li>\n\n<li class=\"wp-social-link wp-social-link-instagram  wp-block-social-link\"><a href=\"https:\/\/www.instagram.com\/fournoratio\/\" class=\"wp-block-social-link-anchor\"><svg width=\"24\" height=\"24\" viewbox=\"0 0 24 24\" version=\"1.1\" xmlns=\"http:\/\/www.w3.org\/2000\/svg\" aria-hidden=\"true\" focusable=\"false\"><path d=\"M12,4.622c2.403,0,2.688,0.009,3.637,0.052c0.877,0.04,1.354,0.187,1.671,0.31c0.42,0.163,0.72,0.358,1.035,0.673 c0.315,0.315,0.51,0.615,0.673,1.035c0.123,0.317,0.27,0.794,0.31,1.671c0.043,0.949,0.052,1.234,0.052,3.637 s-0.009,2.688-0.052,3.637c-0.04,0.877-0.187,1.354-0.31,1.671c-0.163,0.42-0.358,0.72-0.673,1.035 c-0.315,0.315-0.615,0.51-1.035,0.673c-0.317,0.123-0.794,0.27-1.671,0.31c-0.949,0.043-1.233,0.052-3.637,0.052 s-2.688-0.009-3.637-0.052c-0.877-0.04-1.354-0.187-1.671-0.31c-0.42-0.163-0.72-0.358-1.035-0.673 c-0.315-0.315-0.51-0.615-0.673-1.035c-0.123-0.317-0.27-0.794-0.31-1.671C4.631,14.688,4.622,14.403,4.622,12 s0.009-2.688,0.052-3.637c0.04-0.877,0.187-1.354,0.31-1.671c0.163-0.42,0.358-0.72,0.673-1.035 c0.315-0.315,0.615-0.51,1.035-0.673c0.317-0.123,0.794-0.27,1.671-0.31C9.312,4.631,9.597,4.622,12,4.622 M12,3 C9.556,3,9.249,3.01,8.289,3.054C7.331,3.098,6.677,3.25,6.105,3.472C5.513,3.702,5.011,4.01,4.511,4.511 c-0.5,0.5-0.808,1.002-1.038,1.594C3.25,6.677,3.098,7.331,3.054,8.289C3.01,9.249,3,9.556,3,12c0,2.444,0.01,2.751,0.054,3.711 c0.044,0.958,0.196,1.612,0.418,2.185c0.23,0.592,0.538,1.094,1.038,1.594c0.5,0.5,1.002,0.808,1.594,1.038 c0.572,0.222,1.227,0.375,2.185,0.418C9.249,20.99,9.556,21,12,21s2.751-0.01,3.711-0.054c0.958-0.044,1.612-0.196,2.185-0.418 c0.592-0.23,1.094-0.538,1.594-1.038c0.5-0.5,0.808-1.002,1.038-1.594c0.222-0.572,0.375-1.227,0.418-2.185 C20.99,14.751,21,14.444,21,12s-0.01-2.751-0.054-3.711c-0.044-0.958-0.196-1.612-0.418-2.185c-0.23-0.592-0.538-1.094-1.038-1.594 c-0.5-0.5-1.002-0.808-1.594-1.038c-0.572-0.222-1.227-0.375-2.185-0.418C14.751,3.01,14.444,3,12,3L12,3z M12,7.378 c-2.552,0-4.622,2.069-4.622,4.622S9.448,16.622,12,16.622s4.622-2.069,4.622-4.622S14.552,7.378,12,7.378z M12,15 c-1.657,0-3-1.343-3-3s1.343-3,3-3s3,1.343,3,3S13.657,15,12,15z M16.804,6.116c-0.596,0-1.08,0.484-1.08,1.08 s0.484,1.08,1.08,1.08c0.596,0,1.08-0.484,1.08-1.08S17.401,6.116,16.804,6.116z\"><\/path><\/svg><span class=\"wp-block-social-link-label screen-reader-text\">Instagram<\/span><\/a><\/li>\n\n<li class=\"wp-social-link wp-social-link-pinterest  wp-block-social-link\"><a href=\"https:\/\/www.pinterest.ca\/fournoratio\/\" class=\"wp-block-social-link-anchor\"><svg width=\"24\" height=\"24\" viewbox=\"0 0 24 24\" version=\"1.1\" xmlns=\"http:\/\/www.w3.org\/2000\/svg\" aria-hidden=\"true\" focusable=\"false\"><path d=\"M12.289,2C6.617,2,3.606,5.648,3.606,9.622c0,1.846,1.025,4.146,2.666,4.878c0.25,0.111,0.381,0.063,0.439-0.169 c0.044-0.175,0.267-1.029,0.365-1.428c0.032-0.128,0.017-0.237-0.091-0.362C6.445,11.911,6.01,10.75,6.01,9.668 c0-2.777,2.194-5.464,5.933-5.464c3.23,0,5.49,2.108,5.49,5.122c0,3.407-1.794,5.768-4.13,5.768c-1.291,0-2.257-1.021-1.948-2.277 c0.372-1.495,1.089-3.112,1.089-4.191c0-0.967-0.542-1.775-1.663-1.775c-1.319,0-2.379,1.309-2.379,3.059 c0,1.115,0.394,1.869,0.394,1.869s-1.302,5.279-1.54,6.261c-0.405,1.666,0.053,4.368,0.094,4.604 c0.021,0.126,0.167,0.169,0.25,0.063c0.129-0.165,1.699-2.419,2.142-4.051c0.158-0.59,0.817-2.995,0.817-2.995 c0.43,0.784,1.681,1.446,3.013,1.446c3.963,0,6.822-3.494,6.822-7.833C20.394,5.112,16.849,2,12.289,2\"><\/path><\/svg><span class=\"wp-block-social-link-label screen-reader-text\">Pinterest<\/span><\/a><\/li><\/ul>\n\n\n\n<p>Or send an e-mail to: contact@fournoratio.com<\/p>\n\n\n\n<p>See you soon!<\/p>","protected":false},"excerpt":{"rendered":"<p>The best way to contact me is via social networks: Or by e-mail at: contact@fournoratio.com See you soon!<\/p>","protected":false},"author":1,"featured_media":0,"parent":0,"menu_order":0,"comment_status":"closed","ping_status":"closed","template":"","meta":{"_monsterinsights_skip_tracking":false,"_monsterinsights_sitenote_active":false,"_monsterinsights_sitenote_note":"","_monsterinsights_sitenote_category":0,"_genesis_hide_title":false,"_genesis_hide_breadcrumbs":false,"_genesis_hide_singular_image":false,"_genesis_hide_footer_widgets":false,"_genesis_custom_body_class":"","_genesis_custom_post_class":"","_genesis_layout":"","jetpack_post_was_ever_published":false,"footnotes":""},"class_list":{"0":"post-1615","1":"page","2":"type-page","3":"status-publish","5":"entry"},"yoast_head":"<!-- This site is optimized with the Yoast SEO plugin v27.2 - https:\/\/yoast.com\/product\/yoast-seo-wordpress\/ -->\n<title>Contact - Fournoratio<\/title>\n<meta name=\"description\" content=\"Les meilleurs moyens pour contacter fournoratio. Vous me retrouverez sur les r\u00e9seaux sociaux ou bien par e-mail.\" \/>\n<meta name=\"robots\" content=\"index, follow, max-snippet:-1, max-image-preview:large, max-video-preview:-1\" \/>\n<link rel=\"canonical\" href=\"https:\/\/fournoratio.com\/en\/contact\/\" \/>\n<meta property=\"og:locale\" content=\"en_US\" \/>\n<meta property=\"og:type\" content=\"article\" \/>\n<meta property=\"og:title\" content=\"Contact - Fournoratio\" \/>\n<meta property=\"og:description\" content=\"Les meilleurs moyens pour contacter fournoratio. Vous me retrouverez sur les r\u00e9seaux sociaux ou bien par e-mail.\" \/>\n<meta property=\"og:url\" content=\"https:\/\/fournoratio.com\/en\/contact\/\" \/>\n<meta property=\"og:site_name\" content=\"Fournoratio\" \/>\n<meta property=\"article:publisher\" content=\"https:\/\/www.facebook.com\/fournoratio\/\" \/>\n<meta property=\"og:image\" content=\"https:\/\/fournoratio.com\/wp-content\/uploads\/2022\/11\/2019-08-24-Gateau-au-chocolat-0001.jpg\" \/>\n\t<meta property=\"og:image:width\" content=\"1500\" \/>\n\t<meta property=\"og:image:height\" content=\"1000\" \/>\n\t<meta property=\"og:image:type\" content=\"image\/jpeg\" \/>\n<meta name=\"twitter:card\" content=\"summary_large_image\" \/>\n<meta name=\"twitter:site\" content=\"@fournoratio\" \/>\n<meta name=\"twitter:label1\" content=\"Est. reading time\" \/>\n\t<meta name=\"twitter:data1\" content=\"1 minute\" \/>\n<script type=\"application\/ld+json\" class=\"yoast-schema-graph\">{\"@context\":\"https:\/\/schema.org\",\"@graph\":[{\"@type\":[\"Article\",\"BlogPosting\"],\"@id\":\"https:\/\/fournoratio.com\/contact\/#article\",\"isPartOf\":{\"@id\":\"https:\/\/fournoratio.com\/contact\/\"},\"author\":{\"name\":\"Thomas\",\"@id\":\"https:\/\/fournoratio.com\/#\/schema\/person\/81cbebf9715f8eb5a217ca796f0d1034\"},\"headline\":\"Contact\",\"datePublished\":\"2022-11-14T21:52:19+00:00\",\"mainEntityOfPage\":{\"@id\":\"https:\/\/fournoratio.com\/contact\/\"},\"wordCount\":24,\"publisher\":{\"@id\":\"https:\/\/fournoratio.com\/#organization\"},\"inLanguage\":\"en-CA\"},{\"@type\":\"WebPage\",\"@id\":\"https:\/\/fournoratio.com\/contact\/\",\"url\":\"https:\/\/fournoratio.com\/contact\/\",\"name\":\"Contact - Fournoratio\",\"isPartOf\":{\"@id\":\"https:\/\/fournoratio.com\/#website\"},\"datePublished\":\"2022-11-14T21:52:19+00:00\",\"description\":\"Les meilleurs moyens pour contacter fournoratio. Vous me retrouverez sur les r\u00e9seaux sociaux ou bien par e-mail.\",\"breadcrumb\":{\"@id\":\"https:\/\/fournoratio.com\/contact\/#breadcrumb\"},\"inLanguage\":\"en-CA\",\"potentialAction\":[{\"@type\":\"ReadAction\",\"target\":[\"https:\/\/fournoratio.com\/contact\/\"]}]},{\"@type\":\"BreadcrumbList\",\"@id\":\"https:\/\/fournoratio.com\/contact\/#breadcrumb\",\"itemListElement\":[{\"@type\":\"ListItem\",\"position\":1,\"name\":\"Accueil\",\"item\":\"https:\/\/fournoratio.com\/\"},{\"@type\":\"ListItem\",\"position\":2,\"name\":\"Contact\"}]},{\"@type\":\"WebSite\",\"@id\":\"https:\/\/fournoratio.com\/#website\",\"url\":\"https:\/\/fournoratio.com\/\",\"name\":\"Fournoratio\",\"description\":\"RECETTES SIMPLES ET V\u00c9G\u00c9TARIENNES POUR LA VIE DE TOUS LES JOURS\",\"publisher\":{\"@id\":\"https:\/\/fournoratio.com\/#organization\"},\"potentialAction\":[{\"@type\":\"SearchAction\",\"target\":{\"@type\":\"EntryPoint\",\"urlTemplate\":\"https:\/\/fournoratio.com\/?s={search_term_string}\"},\"query-input\":{\"@type\":\"PropertyValueSpecification\",\"valueRequired\":true,\"valueName\":\"search_term_string\"}}],\"inLanguage\":\"en-CA\"},{\"@type\":\"Organization\",\"@id\":\"https:\/\/fournoratio.com\/#organization\",\"name\":\"Fournoratio\",\"url\":\"https:\/\/fournoratio.com\/\",\"logo\":{\"@type\":\"ImageObject\",\"inLanguage\":\"en-CA\",\"@id\":\"https:\/\/fournoratio.com\/#\/schema\/logo\/image\/\",\"url\":\"https:\/\/fournoratio.com\/wp-content\/uploads\/2022\/11\/2019-08-24-Gateau-au-chocolat-0001.jpg\",\"contentUrl\":\"https:\/\/fournoratio.com\/wp-content\/uploads\/2022\/11\/2019-08-24-Gateau-au-chocolat-0001.jpg\",\"width\":1500,\"height\":1000,\"caption\":\"Fournoratio\"},\"image\":{\"@id\":\"https:\/\/fournoratio.com\/#\/schema\/logo\/image\/\"},\"sameAs\":[\"https:\/\/www.facebook.com\/fournoratio\/\",\"https:\/\/x.com\/fournoratio\",\"https:\/\/www.instagram.com\/fournoratio\/\",\"https:\/\/www.pinterest.fr\/fournoratio\/\"]},{\"@type\":\"Person\",\"@id\":\"https:\/\/fournoratio.com\/#\/schema\/person\/81cbebf9715f8eb5a217ca796f0d1034\",\"name\":\"Thomas\",\"image\":{\"@type\":\"ImageObject\",\"inLanguage\":\"en-CA\",\"@id\":\"https:\/\/secure.gravatar.com\/avatar\/cd6edc5b7b1cb480c6472335057443076e52b4b7cc2ae0cd9b584fe8e51ff53a?s=96&d=mm&r=g\",\"url\":\"https:\/\/secure.gravatar.com\/avatar\/cd6edc5b7b1cb480c6472335057443076e52b4b7cc2ae0cd9b584fe8e51ff53a?s=96&d=mm&r=g\",\"contentUrl\":\"https:\/\/secure.gravatar.com\/avatar\/cd6edc5b7b1cb480c6472335057443076e52b4b7cc2ae0cd9b584fe8e51ff53a?s=96&d=mm&r=g\",\"caption\":\"Thomas\"},\"url\":\"https:\/\/fournoratio.com\/en\/author\/thomas\/\"}]}<\/script>\n<!-- \/ Yoast SEO plugin. -->","yoast_head_json":{"title":"Contact - Fournoratio","description":"Les meilleurs moyens pour contacter fournoratio. Vous me retrouverez sur les r\u00e9seaux sociaux ou bien par e-mail.","robots":{"index":"index","follow":"follow","max-snippet":"max-snippet:-1","max-image-preview":"max-image-preview:large","max-video-preview":"max-video-preview:-1"},"canonical":"https:\/\/fournoratio.com\/en\/contact\/","og_locale":"en_US","og_type":"article","og_title":"Contact - Fournoratio","og_description":"Les meilleurs moyens pour contacter fournoratio. Vous me retrouverez sur les r\u00e9seaux sociaux ou bien par e-mail.","og_url":"https:\/\/fournoratio.com\/en\/contact\/","og_site_name":"Fournoratio","article_publisher":"https:\/\/www.facebook.com\/fournoratio\/","og_image":[{"width":1500,"height":1000,"url":"https:\/\/fournoratio.com\/wp-content\/uploads\/2022\/11\/2019-08-24-Gateau-au-chocolat-0001.jpg","type":"image\/jpeg"}],"twitter_card":"summary_large_image","twitter_site":"@fournoratio","twitter_misc":{"Est. reading time":"1 minute"},"schema":{"@context":"https:\/\/schema.org","@graph":[{"@type":["Article","BlogPosting"],"@id":"https:\/\/fournoratio.com\/contact\/#article","isPartOf":{"@id":"https:\/\/fournoratio.com\/contact\/"},"author":{"name":"Thomas","@id":"https:\/\/fournoratio.com\/#\/schema\/person\/81cbebf9715f8eb5a217ca796f0d1034"},"headline":"Contact","datePublished":"2022-11-14T21:52:19+00:00","mainEntityOfPage":{"@id":"https:\/\/fournoratio.com\/contact\/"},"wordCount":24,"publisher":{"@id":"https:\/\/fournoratio.com\/#organization"},"inLanguage":"en-CA"},{"@type":"WebPage","@id":"https:\/\/fournoratio.com\/contact\/","url":"https:\/\/fournoratio.com\/contact\/","name":"Contact - Fournoratio","isPartOf":{"@id":"https:\/\/fournoratio.com\/#website"},"datePublished":"2022-11-14T21:52:19+00:00","description":"Les meilleurs moyens pour contacter fournoratio. Vous me retrouverez sur les r\u00e9seaux sociaux ou bien par e-mail.","breadcrumb":{"@id":"https:\/\/fournoratio.com\/contact\/#breadcrumb"},"inLanguage":"en-CA","potentialAction":[{"@type":"ReadAction","target":["https:\/\/fournoratio.com\/contact\/"]}]},{"@type":"BreadcrumbList","@id":"https:\/\/fournoratio.com\/contact\/#breadcrumb","itemListElement":[{"@type":"ListItem","position":1,"name":"Accueil","item":"https:\/\/fournoratio.com\/"},{"@type":"ListItem","position":2,"name":"Contact"}]},{"@type":"WebSite","@id":"https:\/\/fournoratio.com\/#website","url":"https:\/\/fournoratio.com\/","name":"Fournoratio","description":"RECETTES SIMPLES ET V\u00c9G\u00c9TARIENNES POUR LA VIE DE TOUS LES JOURS","publisher":{"@id":"https:\/\/fournoratio.com\/#organization"},"potentialAction":[{"@type":"SearchAction","target":{"@type":"EntryPoint","urlTemplate":"https:\/\/fournoratio.com\/?s={search_term_string}"},"query-input":{"@type":"PropertyValueSpecification","valueRequired":true,"valueName":"search_term_string"}}],"inLanguage":"en-CA"},{"@type":"Organization","@id":"https:\/\/fournoratio.com\/#organization","name":"Fournoratio","url":"https:\/\/fournoratio.com\/","logo":{"@type":"ImageObject","inLanguage":"en-CA","@id":"https:\/\/fournoratio.com\/#\/schema\/logo\/image\/","url":"https:\/\/fournoratio.com\/wp-content\/uploads\/2022\/11\/2019-08-24-Gateau-au-chocolat-0001.jpg","contentUrl":"https:\/\/fournoratio.com\/wp-content\/uploads\/2022\/11\/2019-08-24-Gateau-au-chocolat-0001.jpg","width":1500,"height":1000,"caption":"Fournoratio"},"image":{"@id":"https:\/\/fournoratio.com\/#\/schema\/logo\/image\/"},"sameAs":["https:\/\/www.facebook.com\/fournoratio\/","https:\/\/x.com\/fournoratio","https:\/\/www.instagram.com\/fournoratio\/","https:\/\/www.pinterest.fr\/fournoratio\/"]},{"@type":"Person","@id":"https:\/\/fournoratio.com\/#\/schema\/person\/81cbebf9715f8eb5a217ca796f0d1034","name":"Thomas","image":{"@type":"ImageObject","inLanguage":"en-CA","@id":"https:\/\/secure.gravatar.com\/avatar\/cd6edc5b7b1cb480c6472335057443076e52b4b7cc2ae0cd9b584fe8e51ff53a?s=96&d=mm&r=g","url":"https:\/\/secure.gravatar.com\/avatar\/cd6edc5b7b1cb480c6472335057443076e52b4b7cc2ae0cd9b584fe8e51ff53a?s=96&d=mm&r=g","contentUrl":"https:\/\/secure.gravatar.com\/avatar\/cd6edc5b7b1cb480c6472335057443076e52b4b7cc2ae0cd9b584fe8e51ff53a?s=96&d=mm&r=g","caption":"Thomas"},"url":"https:\/\/fournoratio.com\/en\/author\/thomas\/"}]}},"jetpack-related-posts":[{"id":1321,"url":"https:\/\/fournoratio.com\/en\/a-propos\/","url_meta":{"origin":1615,"position":0},"title":"About us","author":"Thomas","date":"","format":false,"excerpt":"J'aime cuisiner. J'aime les croissants. J'aime partager ma cuisine. Parfois c'est compliqu\u00e9 de se souvenir et garder la traces des recettes que l'on fait, ce blog est mon carnet de note de recette que je partage avec vous. J'aime aussi la photo c'est pour cela que j'essaye de faire les\u2026","rel":"","context":"Similar post","block_context":{"text":"Similar post","link":""},"img":{"alt_text":"","src":"https:\/\/i0.wp.com\/fournoratio.com\/wp-content\/uploads\/2022\/09\/aboutme-HD.png?resize=350%2C200&ssl=1","width":350,"height":200,"srcset":"https:\/\/i0.wp.com\/fournoratio.com\/wp-content\/uploads\/2022\/09\/aboutme-HD.png?resize=350%2C200&ssl=1 1x, https:\/\/i0.wp.com\/fournoratio.com\/wp-content\/uploads\/2022\/09\/aboutme-HD.png?resize=525%2C300&ssl=1 1.5x, https:\/\/i0.wp.com\/fournoratio.com\/wp-content\/uploads\/2022\/09\/aboutme-HD.png?resize=700%2C400&ssl=1 2x, https:\/\/i0.wp.com\/fournoratio.com\/wp-content\/uploads\/2022\/09\/aboutme-HD.png?resize=1050%2C600&ssl=1 3x, https:\/\/i0.wp.com\/fournoratio.com\/wp-content\/uploads\/2022\/09\/aboutme-HD.png?resize=1400%2C800&ssl=1 4x"},"classes":[]},{"id":3,"url":"https:\/\/fournoratio.com\/en\/politique-de-confidentialite\/","url_meta":{"origin":1615,"position":1},"title":"Privacy policy","author":"Thomas","date":"","format":false,"excerpt":"Qui sommes-nous\u00a0? Fournoratio est un blog proposant des recettes de cuisine.L\u2019adresse de notre site Web est\u00a0: https:\/\/www.fournoratio.com. Utilisation des donn\u00e9es personnelles collect\u00e9es Commentaires Quand vous laissez un commentaire sur notre site web, les donn\u00e9es inscrites dans le formulaire de commentaire, mais aussi votre adresse IP et l\u2019agent utilisateur de votre\u2026","rel":"","context":"Similar post","block_context":{"text":"Similar post","link":""},"img":{"alt_text":"","src":"","width":0,"height":0},"classes":[]},{"id":1532,"url":"https:\/\/fournoratio.com\/en\/","url_meta":{"origin":1615,"position":2},"title":"Simple vegetarian recipes for everyday life","author":"Thomas","date":"","format":false,"excerpt":"Bienvenue sur mon livre de recette personnel. C'est ici que je partage des recettes simples et v\u00e9g\u00e9tariennes pour la vie de tous les jours. Sans cela j'oublie la plupart du temps o\u00f9 se trouvait telle bonne recette. Ou bien comment j'avais fait pour faire de cette recette basique un plat\u2026","rel":"","context":"Similar post","block_context":{"text":"Similar post","link":""},"img":{"alt_text":"","src":"https:\/\/i0.wp.com\/fournoratio.com\/wp-content\/uploads\/2022\/09\/aboutme-HD.png?resize=350%2C200&ssl=1","width":350,"height":200,"srcset":"https:\/\/i0.wp.com\/fournoratio.com\/wp-content\/uploads\/2022\/09\/aboutme-HD.png?resize=350%2C200&ssl=1 1x, https:\/\/i0.wp.com\/fournoratio.com\/wp-content\/uploads\/2022\/09\/aboutme-HD.png?resize=525%2C300&ssl=1 1.5x, https:\/\/i0.wp.com\/fournoratio.com\/wp-content\/uploads\/2022\/09\/aboutme-HD.png?resize=700%2C400&ssl=1 2x, https:\/\/i0.wp.com\/fournoratio.com\/wp-content\/uploads\/2022\/09\/aboutme-HD.png?resize=1050%2C600&ssl=1 3x, https:\/\/i0.wp.com\/fournoratio.com\/wp-content\/uploads\/2022\/09\/aboutme-HD.png?resize=1400%2C800&ssl=1 4x"},"classes":[]},{"id":1191,"url":"https:\/\/fournoratio.com\/en\/recettes\/","url_meta":{"origin":1615,"position":3},"title":"Recipes","author":"Thomas","date":"","format":false,"excerpt":"J'essaye d'organiser les recettes au mieux \u00e0 travers divers cat\u00e9gories. Vous pouvez chercher les recettes par mots cl\u00e9s en utilisant la bar de recherche ci-dessous. Ou bien chercher une recette par cat\u00e9gorie. Je suis certains que vous trouverez votre bonheur ! OU Les derni\u00e8res recettes Recettes par cat\u00e9gorie: Toutes les\u2026","rel":"","context":"Similar post","block_context":{"text":"Similar post","link":""},"img":{"alt_text":"","src":"","width":0,"height":0},"classes":[]},{"id":1771,"url":"https:\/\/fournoratio.com\/en\/newsletter\/","url_meta":{"origin":1615,"position":4},"title":"Newsletter","author":"Thomas","date":"","format":false,"excerpt":"","rel":"","context":"Similar post","block_context":{"text":"Similar post","link":""},"img":{"alt_text":"","src":"","width":0,"height":0},"classes":[]},{"id":1462,"url":"https:\/\/fournoratio.com\/en\/toutes-les-recettes\/","url_meta":{"origin":1615,"position":5},"title":"All recipes","author":"Thomas","date":"","format":false,"excerpt":"","rel":"","context":"Similar post","block_context":{"text":"Similar post","link":""},"img":{"alt_text":"","src":"","width":0,"height":0},"classes":[]}],"jetpack_sharing_enabled":true,"jetpack_likes_enabled":true,"_links":{"self":[{"href":"https:\/\/fournoratio.com\/en\/wp-json\/wp\/v2\/pages\/1615","targetHints":{"allow":["GET"]}}],"collection":[{"href":"https:\/\/fournoratio.com\/en\/wp-json\/wp\/v2\/pages"}],"about":[{"href":"https:\/\/fournoratio.com\/en\/wp-json\/wp\/v2\/types\/page"}],"author":[{"embeddable":true,"href":"https:\/\/fournoratio.com\/en\/wp-json\/wp\/v2\/users\/1"}],"replies":[{"embeddable":true,"href":"https:\/\/fournoratio.com\/en\/wp-json\/wp\/v2\/comments?post=1615"}],"version-history":[{"count":0,"href":"https:\/\/fournoratio.com\/en\/wp-json\/wp\/v2\/pages\/1615\/revisions"}],"wp:attachment":[{"href":"https:\/\/fournoratio.com\/en\/wp-json\/wp\/v2\/media?parent=1615"}],"curies":[{"name":"wp","href":"https:\/\/api.w.org\/{rel}","templated":true}]}}