{"id":1321,"date":"2022-09-19T19:40:27","date_gmt":"2022-09-19T19:40:27","guid":{"rendered":"https:\/\/fournoratio.com\/?page_id=1321"},"modified":"2023-09-19T18:41:04","modified_gmt":"2023-09-19T18:41:04","slug":"a-propos","status":"publish","type":"page","link":"https:\/\/fournoratio.com\/en\/a-propos\/","title":{"rendered":"About us"},"content":{"rendered":"<div class=\"wp-block-image\">\n<figure class=\"alignright size-large is-resized\"><img decoding=\"async\" data-pin-url=\"https:\/\/fournoratio.com\/en\/a-propos\/?tp_image_id=1454\" src=\"https:\/\/fournoratio.com\/wp-content\/uploads\/2022\/09\/aboutme-HD-871x1024.png\" alt=\"\" data-skip-lazy class=\"wp-image-1454\" style=\"width:201px;height:236px\" width=\"201\" height=\"236\" srcset=\"https:\/\/fournoratio.com\/wp-content\/uploads\/2022\/09\/aboutme-HD-871x1024.png 871w, https:\/\/fournoratio.com\/wp-content\/uploads\/2022\/09\/aboutme-HD-255x300.png 255w, https:\/\/fournoratio.com\/wp-content\/uploads\/2022\/09\/aboutme-HD-768x903.png 768w, https:\/\/fournoratio.com\/wp-content\/uploads\/2022\/09\/aboutme-HD-1306x1536.png 1306w, https:\/\/fournoratio.com\/wp-content\/uploads\/2022\/09\/aboutme-HD-1742x2048.png 1742w, https:\/\/fournoratio.com\/wp-content\/uploads\/2022\/09\/aboutme-HD-720x847.png 720w, https:\/\/fournoratio.com\/wp-content\/uploads\/2022\/09\/aboutme-HD-360x423.png 360w, https:\/\/fournoratio.com\/wp-content\/uploads\/2022\/09\/aboutme-HD-180x212.png 180w\" sizes=\"(max-width: 201px) 100vw, 201px\" \/><\/figure>\n<\/div>\n\n\n<p>I like to cook. I love croissants. I like to share my cooking.<\/p>\n\n\n\n<p>Sometimes it's hard to remember and keep track of the recipes you make, so this blog is my recipe notebook that I share with you.<\/p>\n\n\n\n<p>I also love photography, which is why I try to make my photos as appetizing as possible and improve my culinary photography skills. I also offer my services in the field if you have a need, contact me!<\/p>\n\n\n\n<p>---<\/p>\n\n\n\n<p>If you're interested in my other photo projects:<\/p>\n\n\n\n<p><a href=\"https:\/\/studio-horatio.fr\/\">StudioHoratio<\/a> (Production of photos and videos of events, sports and adventures)<\/p>\n\n\n\n<p><a href=\"https:\/\/metalhoratio.com\/\">Metalhoratio <\/a>(Concert photography)<\/p>\n\n\n\n<p><a href=\"https:\/\/costadelhoratio.com\/\">CostaDelHoratio<\/a> (Travel photography and blog about my adventures)<\/p>","protected":false},"excerpt":{"rendered":"<p>I like to cook. I love croissants. I love sharing my cooking. Sometimes it's hard to remember and keep track of the recipes you make, so this blog is my recipe notebook that I share with you. I also love photography, which is why I try to make my photos as appetizing as possible...<\/p>\n<p><a class=\"more-link\" href=\"https:\/\/fournoratio.com\/en\/a-propos\/\">Read More<\/a><\/p>","protected":false},"author":1,"featured_media":0,"parent":0,"menu_order":0,"comment_status":"closed","ping_status":"closed","template":"","meta":{"_monsterinsights_skip_tracking":false,"_monsterinsights_sitenote_active":false,"_monsterinsights_sitenote_note":"","_monsterinsights_sitenote_category":0,"_genesis_hide_title":false,"_genesis_hide_breadcrumbs":false,"_genesis_hide_singular_image":false,"_genesis_hide_footer_widgets":false,"_genesis_custom_body_class":"","_genesis_custom_post_class":"","_genesis_layout":"","jetpack_post_was_ever_published":false,"footnotes":""},"class_list":{"0":"post-1321","1":"page","2":"type-page","3":"status-publish","5":"entry","6":"has-post-thumbnail"},"yoast_head":"<!-- This site is optimized with the Yoast SEO plugin v27.2 - https:\/\/yoast.com\/product\/yoast-seo-wordpress\/ -->\n<title>\u00c0 propos - Fournoratio<\/title>\n<meta name=\"robots\" content=\"index, follow, max-snippet:-1, max-image-preview:large, max-video-preview:-1\" \/>\n<link rel=\"canonical\" href=\"https:\/\/fournoratio.com\/en\/a-propos\/\" \/>\n<meta property=\"og:locale\" content=\"en_US\" \/>\n<meta property=\"og:type\" content=\"article\" \/>\n<meta property=\"og:title\" content=\"\u00c0 propos - Fournoratio\" \/>\n<meta property=\"og:description\" content=\"J&#039;aime cuisiner. J&#039;aime les croissants. J&#039;aime partager ma cuisine. Parfois c&#039;est compliqu\u00e9 de se souvenir et garder la traces des recettes que l&#039;on fait, ce blog est mon carnet de note de recette que je partage avec vous. J&#039;aime aussi la photo c&#039;est pour cela que j&#039;essaye de faire les photos les plus app\u00e9tissantes possible...Read More\" \/>\n<meta property=\"og:url\" content=\"https:\/\/fournoratio.com\/en\/a-propos\/\" \/>\n<meta property=\"og:site_name\" content=\"Fournoratio\" \/>\n<meta property=\"article:publisher\" content=\"https:\/\/www.facebook.com\/fournoratio\/\" \/>\n<meta property=\"article:modified_time\" content=\"2023-09-19T18:41:04+00:00\" \/>\n<meta property=\"og:image\" content=\"https:\/\/fournoratio.com\/wp-content\/uploads\/2022\/09\/aboutme-HD-871x1024.png\" \/>\n<meta name=\"twitter:card\" content=\"summary_large_image\" \/>\n<meta name=\"twitter:site\" content=\"@fournoratio\" \/>\n<meta name=\"twitter:label1\" content=\"Est. reading time\" \/>\n\t<meta name=\"twitter:data1\" content=\"1 minute\" \/>\n<script type=\"application\/ld+json\" class=\"yoast-schema-graph\">{\"@context\":\"https:\/\/schema.org\",\"@graph\":[{\"@type\":[\"Article\",\"BlogPosting\"],\"@id\":\"https:\/\/fournoratio.com\/a-propos\/#article\",\"isPartOf\":{\"@id\":\"https:\/\/fournoratio.com\/a-propos\/\"},\"author\":{\"name\":\"Thomas\",\"@id\":\"https:\/\/fournoratio.com\/#\/schema\/person\/81cbebf9715f8eb5a217ca796f0d1034\"},\"headline\":\"\u00c0 propos\",\"datePublished\":\"2022-09-19T19:40:27+00:00\",\"dateModified\":\"2023-09-19T18:41:04+00:00\",\"mainEntityOfPage\":{\"@id\":\"https:\/\/fournoratio.com\/a-propos\/\"},\"wordCount\":131,\"publisher\":{\"@id\":\"https:\/\/fournoratio.com\/#organization\"},\"image\":{\"@id\":\"https:\/\/fournoratio.com\/a-propos\/#primaryimage\"},\"thumbnailUrl\":\"https:\/\/fournoratio.com\/wp-content\/uploads\/2022\/09\/aboutme-HD-871x1024.png\",\"inLanguage\":\"en-CA\"},{\"@type\":\"WebPage\",\"@id\":\"https:\/\/fournoratio.com\/a-propos\/\",\"url\":\"https:\/\/fournoratio.com\/a-propos\/\",\"name\":\"\u00c0 propos - Fournoratio\",\"isPartOf\":{\"@id\":\"https:\/\/fournoratio.com\/#website\"},\"primaryImageOfPage\":{\"@id\":\"https:\/\/fournoratio.com\/a-propos\/#primaryimage\"},\"image\":{\"@id\":\"https:\/\/fournoratio.com\/a-propos\/#primaryimage\"},\"thumbnailUrl\":\"https:\/\/fournoratio.com\/wp-content\/uploads\/2022\/09\/aboutme-HD-871x1024.png\",\"datePublished\":\"2022-09-19T19:40:27+00:00\",\"dateModified\":\"2023-09-19T18:41:04+00:00\",\"breadcrumb\":{\"@id\":\"https:\/\/fournoratio.com\/a-propos\/#breadcrumb\"},\"inLanguage\":\"en-CA\",\"potentialAction\":[{\"@type\":\"ReadAction\",\"target\":[\"https:\/\/fournoratio.com\/a-propos\/\"]}]},{\"@type\":\"ImageObject\",\"inLanguage\":\"en-CA\",\"@id\":\"https:\/\/fournoratio.com\/a-propos\/#primaryimage\",\"url\":\"https:\/\/fournoratio.com\/wp-content\/uploads\/2022\/09\/aboutme-HD-871x1024.png\",\"contentUrl\":\"https:\/\/fournoratio.com\/wp-content\/uploads\/2022\/09\/aboutme-HD-871x1024.png\"},{\"@type\":\"BreadcrumbList\",\"@id\":\"https:\/\/fournoratio.com\/a-propos\/#breadcrumb\",\"itemListElement\":[{\"@type\":\"ListItem\",\"position\":1,\"name\":\"Accueil\",\"item\":\"https:\/\/fournoratio.com\/\"},{\"@type\":\"ListItem\",\"position\":2,\"name\":\"\u00c0 propos\"}]},{\"@type\":\"WebSite\",\"@id\":\"https:\/\/fournoratio.com\/#website\",\"url\":\"https:\/\/fournoratio.com\/\",\"name\":\"Fournoratio\",\"description\":\"RECETTES SIMPLES ET V\u00c9G\u00c9TARIENNES POUR LA VIE DE TOUS LES JOURS\",\"publisher\":{\"@id\":\"https:\/\/fournoratio.com\/#organization\"},\"potentialAction\":[{\"@type\":\"SearchAction\",\"target\":{\"@type\":\"EntryPoint\",\"urlTemplate\":\"https:\/\/fournoratio.com\/?s={search_term_string}\"},\"query-input\":{\"@type\":\"PropertyValueSpecification\",\"valueRequired\":true,\"valueName\":\"search_term_string\"}}],\"inLanguage\":\"en-CA\"},{\"@type\":\"Organization\",\"@id\":\"https:\/\/fournoratio.com\/#organization\",\"name\":\"Fournoratio\",\"url\":\"https:\/\/fournoratio.com\/\",\"logo\":{\"@type\":\"ImageObject\",\"inLanguage\":\"en-CA\",\"@id\":\"https:\/\/fournoratio.com\/#\/schema\/logo\/image\/\",\"url\":\"https:\/\/fournoratio.com\/wp-content\/uploads\/2022\/11\/2019-08-24-Gateau-au-chocolat-0001.jpg\",\"contentUrl\":\"https:\/\/fournoratio.com\/wp-content\/uploads\/2022\/11\/2019-08-24-Gateau-au-chocolat-0001.jpg\",\"width\":1500,\"height\":1000,\"caption\":\"Fournoratio\"},\"image\":{\"@id\":\"https:\/\/fournoratio.com\/#\/schema\/logo\/image\/\"},\"sameAs\":[\"https:\/\/www.facebook.com\/fournoratio\/\",\"https:\/\/x.com\/fournoratio\",\"https:\/\/www.instagram.com\/fournoratio\/\",\"https:\/\/www.pinterest.fr\/fournoratio\/\"]},{\"@type\":\"Person\",\"@id\":\"https:\/\/fournoratio.com\/#\/schema\/person\/81cbebf9715f8eb5a217ca796f0d1034\",\"name\":\"Thomas\",\"image\":{\"@type\":\"ImageObject\",\"inLanguage\":\"en-CA\",\"@id\":\"https:\/\/secure.gravatar.com\/avatar\/cd6edc5b7b1cb480c6472335057443076e52b4b7cc2ae0cd9b584fe8e51ff53a?s=96&d=mm&r=g\",\"url\":\"https:\/\/secure.gravatar.com\/avatar\/cd6edc5b7b1cb480c6472335057443076e52b4b7cc2ae0cd9b584fe8e51ff53a?s=96&d=mm&r=g\",\"contentUrl\":\"https:\/\/secure.gravatar.com\/avatar\/cd6edc5b7b1cb480c6472335057443076e52b4b7cc2ae0cd9b584fe8e51ff53a?s=96&d=mm&r=g\",\"caption\":\"Thomas\"},\"url\":\"https:\/\/fournoratio.com\/en\/author\/thomas\/\"}]}<\/script>\n<!-- \/ Yoast SEO plugin. -->","yoast_head_json":{"title":"\u00c0 propos - Fournoratio","robots":{"index":"index","follow":"follow","max-snippet":"max-snippet:-1","max-image-preview":"max-image-preview:large","max-video-preview":"max-video-preview:-1"},"canonical":"https:\/\/fournoratio.com\/en\/a-propos\/","og_locale":"en_US","og_type":"article","og_title":"\u00c0 propos - Fournoratio","og_description":"J'aime cuisiner. J'aime les croissants. J'aime partager ma cuisine. Parfois c'est compliqu\u00e9 de se souvenir et garder la traces des recettes que l'on fait, ce blog est mon carnet de note de recette que je partage avec vous. J'aime aussi la photo c'est pour cela que j'essaye de faire les photos les plus app\u00e9tissantes possible...Read More","og_url":"https:\/\/fournoratio.com\/en\/a-propos\/","og_site_name":"Fournoratio","article_publisher":"https:\/\/www.facebook.com\/fournoratio\/","article_modified_time":"2023-09-19T18:41:04+00:00","og_image":[{"url":"https:\/\/fournoratio.com\/wp-content\/uploads\/2022\/09\/aboutme-HD-871x1024.png","type":"","width":"","height":""}],"twitter_card":"summary_large_image","twitter_site":"@fournoratio","twitter_misc":{"Est. reading time":"1 minute"},"schema":{"@context":"https:\/\/schema.org","@graph":[{"@type":["Article","BlogPosting"],"@id":"https:\/\/fournoratio.com\/a-propos\/#article","isPartOf":{"@id":"https:\/\/fournoratio.com\/a-propos\/"},"author":{"name":"Thomas","@id":"https:\/\/fournoratio.com\/#\/schema\/person\/81cbebf9715f8eb5a217ca796f0d1034"},"headline":"\u00c0 propos","datePublished":"2022-09-19T19:40:27+00:00","dateModified":"2023-09-19T18:41:04+00:00","mainEntityOfPage":{"@id":"https:\/\/fournoratio.com\/a-propos\/"},"wordCount":131,"publisher":{"@id":"https:\/\/fournoratio.com\/#organization"},"image":{"@id":"https:\/\/fournoratio.com\/a-propos\/#primaryimage"},"thumbnailUrl":"https:\/\/fournoratio.com\/wp-content\/uploads\/2022\/09\/aboutme-HD-871x1024.png","inLanguage":"en-CA"},{"@type":"WebPage","@id":"https:\/\/fournoratio.com\/a-propos\/","url":"https:\/\/fournoratio.com\/a-propos\/","name":"\u00c0 propos - Fournoratio","isPartOf":{"@id":"https:\/\/fournoratio.com\/#website"},"primaryImageOfPage":{"@id":"https:\/\/fournoratio.com\/a-propos\/#primaryimage"},"image":{"@id":"https:\/\/fournoratio.com\/a-propos\/#primaryimage"},"thumbnailUrl":"https:\/\/fournoratio.com\/wp-content\/uploads\/2022\/09\/aboutme-HD-871x1024.png","datePublished":"2022-09-19T19:40:27+00:00","dateModified":"2023-09-19T18:41:04+00:00","breadcrumb":{"@id":"https:\/\/fournoratio.com\/a-propos\/#breadcrumb"},"inLanguage":"en-CA","potentialAction":[{"@type":"ReadAction","target":["https:\/\/fournoratio.com\/a-propos\/"]}]},{"@type":"ImageObject","inLanguage":"en-CA","@id":"https:\/\/fournoratio.com\/a-propos\/#primaryimage","url":"https:\/\/fournoratio.com\/wp-content\/uploads\/2022\/09\/aboutme-HD-871x1024.png","contentUrl":"https:\/\/fournoratio.com\/wp-content\/uploads\/2022\/09\/aboutme-HD-871x1024.png"},{"@type":"BreadcrumbList","@id":"https:\/\/fournoratio.com\/a-propos\/#breadcrumb","itemListElement":[{"@type":"ListItem","position":1,"name":"Accueil","item":"https:\/\/fournoratio.com\/"},{"@type":"ListItem","position":2,"name":"\u00c0 propos"}]},{"@type":"WebSite","@id":"https:\/\/fournoratio.com\/#website","url":"https:\/\/fournoratio.com\/","name":"Fournoratio","description":"RECETTES SIMPLES ET V\u00c9G\u00c9TARIENNES POUR LA VIE DE TOUS LES JOURS","publisher":{"@id":"https:\/\/fournoratio.com\/#organization"},"potentialAction":[{"@type":"SearchAction","target":{"@type":"EntryPoint","urlTemplate":"https:\/\/fournoratio.com\/?s={search_term_string}"},"query-input":{"@type":"PropertyValueSpecification","valueRequired":true,"valueName":"search_term_string"}}],"inLanguage":"en-CA"},{"@type":"Organization","@id":"https:\/\/fournoratio.com\/#organization","name":"Fournoratio","url":"https:\/\/fournoratio.com\/","logo":{"@type":"ImageObject","inLanguage":"en-CA","@id":"https:\/\/fournoratio.com\/#\/schema\/logo\/image\/","url":"https:\/\/fournoratio.com\/wp-content\/uploads\/2022\/11\/2019-08-24-Gateau-au-chocolat-0001.jpg","contentUrl":"https:\/\/fournoratio.com\/wp-content\/uploads\/2022\/11\/2019-08-24-Gateau-au-chocolat-0001.jpg","width":1500,"height":1000,"caption":"Fournoratio"},"image":{"@id":"https:\/\/fournoratio.com\/#\/schema\/logo\/image\/"},"sameAs":["https:\/\/www.facebook.com\/fournoratio\/","https:\/\/x.com\/fournoratio","https:\/\/www.instagram.com\/fournoratio\/","https:\/\/www.pinterest.fr\/fournoratio\/"]},{"@type":"Person","@id":"https:\/\/fournoratio.com\/#\/schema\/person\/81cbebf9715f8eb5a217ca796f0d1034","name":"Thomas","image":{"@type":"ImageObject","inLanguage":"en-CA","@id":"https:\/\/secure.gravatar.com\/avatar\/cd6edc5b7b1cb480c6472335057443076e52b4b7cc2ae0cd9b584fe8e51ff53a?s=96&d=mm&r=g","url":"https:\/\/secure.gravatar.com\/avatar\/cd6edc5b7b1cb480c6472335057443076e52b4b7cc2ae0cd9b584fe8e51ff53a?s=96&d=mm&r=g","contentUrl":"https:\/\/secure.gravatar.com\/avatar\/cd6edc5b7b1cb480c6472335057443076e52b4b7cc2ae0cd9b584fe8e51ff53a?s=96&d=mm&r=g","caption":"Thomas"},"url":"https:\/\/fournoratio.com\/en\/author\/thomas\/"}]}},"jetpack-related-posts":[{"id":1532,"url":"https:\/\/fournoratio.com\/en\/","url_meta":{"origin":1321,"position":0},"title":"Simple vegetarian recipes for everyday life","author":"Thomas","date":"","format":false,"excerpt":"Bienvenue sur mon livre de recette personnel. C'est ici que je partage des recettes simples et v\u00e9g\u00e9tariennes pour la vie de tous les jours. Sans cela j'oublie la plupart du temps o\u00f9 se trouvait telle bonne recette. Ou bien comment j'avais fait pour faire de cette recette basique un plat\u2026","rel":"","context":"Similar post","block_context":{"text":"Similar post","link":""},"img":{"alt_text":"","src":"https:\/\/i0.wp.com\/fournoratio.com\/wp-content\/uploads\/2022\/09\/aboutme-HD.png?resize=350%2C200&ssl=1","width":350,"height":200,"srcset":"https:\/\/i0.wp.com\/fournoratio.com\/wp-content\/uploads\/2022\/09\/aboutme-HD.png?resize=350%2C200&ssl=1 1x, https:\/\/i0.wp.com\/fournoratio.com\/wp-content\/uploads\/2022\/09\/aboutme-HD.png?resize=525%2C300&ssl=1 1.5x, https:\/\/i0.wp.com\/fournoratio.com\/wp-content\/uploads\/2022\/09\/aboutme-HD.png?resize=700%2C400&ssl=1 2x, https:\/\/i0.wp.com\/fournoratio.com\/wp-content\/uploads\/2022\/09\/aboutme-HD.png?resize=1050%2C600&ssl=1 3x, https:\/\/i0.wp.com\/fournoratio.com\/wp-content\/uploads\/2022\/09\/aboutme-HD.png?resize=1400%2C800&ssl=1 4x"},"classes":[]},{"id":1191,"url":"https:\/\/fournoratio.com\/en\/recettes\/","url_meta":{"origin":1321,"position":1},"title":"Recipes","author":"Thomas","date":"","format":false,"excerpt":"J'essaye d'organiser les recettes au mieux \u00e0 travers divers cat\u00e9gories. Vous pouvez chercher les recettes par mots cl\u00e9s en utilisant la bar de recherche ci-dessous. Ou bien chercher une recette par cat\u00e9gorie. Je suis certains que vous trouverez votre bonheur ! OU Les derni\u00e8res recettes Recettes par cat\u00e9gorie: Toutes les\u2026","rel":"","context":"Similar post","block_context":{"text":"Similar post","link":""},"img":{"alt_text":"","src":"","width":0,"height":0},"classes":[]},{"id":1462,"url":"https:\/\/fournoratio.com\/en\/toutes-les-recettes\/","url_meta":{"origin":1321,"position":2},"title":"All recipes","author":"Thomas","date":"","format":false,"excerpt":"","rel":"","context":"Similar post","block_context":{"text":"Similar post","link":""},"img":{"alt_text":"","src":"","width":0,"height":0},"classes":[]},{"id":1561,"url":"https:\/\/fournoratio.com\/en\/dernieres-recettes\/","url_meta":{"origin":1321,"position":3},"title":"Latest recipes","author":"Thomas","date":"","format":false,"excerpt":"","rel":"","context":"Similar post","block_context":{"text":"Similar post","link":""},"img":{"alt_text":"","src":"","width":0,"height":0},"classes":[]},{"id":3,"url":"https:\/\/fournoratio.com\/en\/politique-de-confidentialite\/","url_meta":{"origin":1321,"position":4},"title":"Privacy policy","author":"Thomas","date":"","format":false,"excerpt":"Qui sommes-nous\u00a0? Fournoratio est un blog proposant des recettes de cuisine.L\u2019adresse de notre site Web est\u00a0: https:\/\/www.fournoratio.com. Utilisation des donn\u00e9es personnelles collect\u00e9es Commentaires Quand vous laissez un commentaire sur notre site web, les donn\u00e9es inscrites dans le formulaire de commentaire, mais aussi votre adresse IP et l\u2019agent utilisateur de votre\u2026","rel":"","context":"Similar post","block_context":{"text":"Similar post","link":""},"img":{"alt_text":"","src":"","width":0,"height":0},"classes":[]},{"id":1615,"url":"https:\/\/fournoratio.com\/en\/contact\/","url_meta":{"origin":1321,"position":5},"title":"Contact","author":"Thomas","date":"","format":false,"excerpt":"The best way to contact me is via social networks: Or by e-mail at: contact@fournoratio.com See you soon!","rel":"","context":"Similar post","block_context":{"text":"Similar post","link":""},"img":{"alt_text":"","src":"","width":0,"height":0},"classes":[]}],"jetpack_sharing_enabled":true,"jetpack_likes_enabled":true,"_links":{"self":[{"href":"https:\/\/fournoratio.com\/en\/wp-json\/wp\/v2\/pages\/1321","targetHints":{"allow":["GET"]}}],"collection":[{"href":"https:\/\/fournoratio.com\/en\/wp-json\/wp\/v2\/pages"}],"about":[{"href":"https:\/\/fournoratio.com\/en\/wp-json\/wp\/v2\/types\/page"}],"author":[{"embeddable":true,"href":"https:\/\/fournoratio.com\/en\/wp-json\/wp\/v2\/users\/1"}],"replies":[{"embeddable":true,"href":"https:\/\/fournoratio.com\/en\/wp-json\/wp\/v2\/comments?post=1321"}],"version-history":[{"count":0,"href":"https:\/\/fournoratio.com\/en\/wp-json\/wp\/v2\/pages\/1321\/revisions"}],"wp:attachment":[{"href":"https:\/\/fournoratio.com\/en\/wp-json\/wp\/v2\/media?parent=1321"}],"curies":[{"name":"wp","href":"https:\/\/api.w.org\/{rel}","templated":true}]}}